{"id":686,"date":"2025-12-01T07:40:38","date_gmt":"2025-12-01T07:40:38","guid":{"rendered":"https:\/\/srsound.ca\/ventes\/"},"modified":"2026-01-16T06:10:17","modified_gmt":"2026-01-16T06:10:17","slug":"ventes","status":"publish","type":"page","link":"https:\/\/srsound.ca\/fr\/ventes\/","title":{"rendered":"Ventes"},"content":{"rendered":"\t\t<div data-elementor-type=\"wp-page\" data-elementor-id=\"686\" class=\"elementor elementor-686 elementor-434\" data-elementor-post-type=\"page\">\n\t\t\t\t<div class=\"elementor-element elementor-element-1af58ba e-flex e-con-boxed e-con e-parent\" data-id=\"1af58ba\" data-element_type=\"container\" data-e-type=\"container\" data-settings=\"{&quot;background_background&quot;:&quot;classic&quot;}\">\n\t\t\t\t\t<div class=\"e-con-inner\">\n\t\t\t\t<div class=\"elementor-element elementor-element-461b9bd elementor-widget__width-auto elementor-absolute elementor-view-default elementor-widget elementor-widget-icon\" data-id=\"461b9bd\" data-element_type=\"widget\" data-e-type=\"widget\" data-settings=\"{&quot;_position&quot;:&quot;absolute&quot;}\" data-widget_type=\"icon.default\">\n\t\t\t\t\t\t\t<div class=\"elementor-icon-wrapper\">\n\t\t\t<div class=\"elementor-icon\">\n\t\t\t<svg aria-hidden=\"true\" class=\"e-font-icon-svg e-fas-square-full\" viewBox=\"0 0 512 512\" xmlns=\"http:\/\/www.w3.org\/2000\/svg\"><path d=\"M512 512H0V0h512v512z\"><\/path><\/svg>\t\t\t<\/div>\n\t\t<\/div>\n\t\t\t\t\t\t<\/div>\n\t\t\t\t<div class=\"elementor-element elementor-element-5eafcd5 elementor-widget__width-auto elementor-absolute elementor-view-default elementor-widget elementor-widget-icon\" data-id=\"5eafcd5\" data-element_type=\"widget\" data-e-type=\"widget\" data-settings=\"{&quot;_position&quot;:&quot;absolute&quot;}\" data-widget_type=\"icon.default\">\n\t\t\t\t\t\t\t<div class=\"elementor-icon-wrapper\">\n\t\t\t<div class=\"elementor-icon\">\n\t\t\t<svg aria-hidden=\"true\" class=\"e-font-icon-svg e-far-circle\" viewBox=\"0 0 512 512\" xmlns=\"http:\/\/www.w3.org\/2000\/svg\"><path d=\"M256 8C119 8 8 119 8 256s111 248 248 248 248-111 248-248S393 8 256 8zm0 448c-110.5 0-200-89.5-200-200S145.5 56 256 56s200 89.5 200 200-89.5 200-200 200z\"><\/path><\/svg>\t\t\t<\/div>\n\t\t<\/div>\n\t\t\t\t\t\t<\/div>\n\t\t\t\t\t<\/div>\n\t\t\t\t<\/div>\n\t\t<div class=\"elementor-element elementor-element-aedd2e5 e-flex e-con-boxed e-con e-parent\" data-id=\"aedd2e5\" data-element_type=\"container\" data-e-type=\"container\" data-settings=\"{&quot;background_background&quot;:&quot;gradient&quot;}\">\n\t\t\t\t\t<div class=\"e-con-inner\">\n\t\t<div class=\"elementor-element elementor-element-438c51d e-con-full e-flex e-con e-child\" data-id=\"438c51d\" data-element_type=\"container\" data-e-type=\"container\" data-settings=\"{&quot;background_background&quot;:&quot;classic&quot;}\">\n\t\t\t\t<div class=\"elementor-element elementor-element-60e6d51 elementor-widget elementor-widget-image\" data-id=\"60e6d51\" data-element_type=\"widget\" data-e-type=\"widget\" data-widget_type=\"image.default\">\n\t\t\t\t\t\t\t\t\t\t\t\t\t\t\t<img fetchpriority=\"high\" decoding=\"async\" width=\"465\" height=\"265\" src=\"https:\/\/srsound.ca\/wp-content\/uploads\/2025\/11\/srsoundartwork.png\" class=\"attachment-large size-large wp-image-688\" alt=\"\" srcset=\"https:\/\/srsound.ca\/wp-content\/uploads\/2025\/11\/srsoundartwork.png 465w, https:\/\/srsound.ca\/wp-content\/uploads\/2025\/11\/srsoundartwork-300x171.png 300w\" sizes=\"(max-width: 465px) 100vw, 465px\" \/>\t\t\t\t\t\t\t\t\t\t\t\t\t\t\t<\/div>\n\t\t\t\t<\/div>\n\t\t<div class=\"elementor-element elementor-element-8863ed5 e-con-full e-flex e-con e-child\" data-id=\"8863ed5\" data-element_type=\"container\" data-e-type=\"container\">\n\t\t\t\t<div class=\"elementor-element elementor-element-981f9ee elementor-widget elementor-widget-heading\" data-id=\"981f9ee\" data-element_type=\"widget\" data-e-type=\"widget\" data-widget_type=\"heading.default\">\n\t\t\t\t\t<h2 class=\"elementor-heading-title elementor-size-default\">Vente d'\u00e9quipement<\/h2>\t\t\t\t<\/div>\n\t\t\t\t<div class=\"elementor-element elementor-element-b5dc094 elementor-widget elementor-widget-text-editor\" data-id=\"b5dc094\" data-element_type=\"widget\" data-e-type=\"widget\" data-widget_type=\"text-editor.default\">\n\t\t\t\t\t\t\t\t\tS.R Sound se sp\u00e9cialise dans l&rsquo;audio professionnel, l&rsquo;\u00e9clairage de sc\u00e8ne, l&rsquo;\u00e9quipement vid\u00e9o et les fournitures. Nous proposons une multitude de produits de fabricants d&rsquo;\u00e9quipement audio professionnel, d&rsquo;\u00e9clairage et vid\u00e9o, y compris des microphones, des m\u00e9langeurs, des supports, des processeurs, des haut-parleurs, des lecteurs CD, des appareils audio num\u00e9riques, des c\u00e2bles et connecteurs, des Lekos, des Fresnel, des projecteurs PAR, des consoles et gradateurs, des \u00e9clairages mobiles, des \u00e9clairages d&rsquo;effets, des machines \u00e0 brouillard et \u00e0 fum\u00e9e, des machines \u00e0 neige et \u00e0 mousse et des \u00e9clairages d&rsquo;effets DJ et bien d&rsquo;autres.\t\t\t\t\t\t\t\t<\/div>\n\t\t\t\t<\/div>\n\t\t\t\t\t<\/div>\n\t\t\t\t<\/div>\n\t\t<div class=\"elementor-element elementor-element-f3e1479 e-flex e-con-boxed e-con e-parent\" data-id=\"f3e1479\" data-element_type=\"container\" data-e-type=\"container\" data-settings=\"{&quot;background_background&quot;:&quot;classic&quot;}\">\n\t\t\t\t\t<div class=\"e-con-inner\">\n\t\t\t\t<div class=\"elementor-element elementor-element-7509c75 elementor-widget elementor-widget-heading\" data-id=\"7509c75\" data-element_type=\"widget\" data-e-type=\"widget\" data-widget_type=\"heading.default\">\n\t\t\t\t\t<h2 class=\"elementor-heading-title elementor-size-default\">Marques de confiance<\/h2>\t\t\t\t<\/div>\n\t\t\t\t<div class=\"elementor-element elementor-element-4e807e2 elementor-widget elementor-widget-text-editor\" data-id=\"4e807e2\" data-element_type=\"widget\" data-e-type=\"widget\" data-widget_type=\"text-editor.default\">\n\t\t\t\t\t\t\t\t\tNous collaborons avec les leaders de l&rsquo;industrie pour vous fournir le meilleur \u00e9quipement\t\t\t\t\t\t\t\t<\/div>\n\t\t\t\t<div class=\"elementor-element elementor-element-4b378e2 trusted-brands elementor-hidden-desktop elementor-hidden-tablet elementor-hidden-mobile elementor-widget elementor-widget-gallery\" data-id=\"4b378e2\" data-element_type=\"widget\" data-e-type=\"widget\" data-settings=\"{&quot;gap&quot;:{&quot;unit&quot;:&quot;px&quot;,&quot;size&quot;:15,&quot;sizes&quot;:[]},&quot;aspect_ratio&quot;:&quot;21:9&quot;,&quot;image_hover_animation&quot;:&quot;grow&quot;,&quot;background_overlay_hover_animation&quot;:&quot;enter-zoom-in&quot;,&quot;lazyload&quot;:&quot;yes&quot;,&quot;gallery_layout&quot;:&quot;grid&quot;,&quot;columns&quot;:4,&quot;columns_tablet&quot;:2,&quot;columns_mobile&quot;:1,&quot;gap_tablet&quot;:{&quot;unit&quot;:&quot;px&quot;,&quot;size&quot;:10,&quot;sizes&quot;:[]},&quot;gap_mobile&quot;:{&quot;unit&quot;:&quot;px&quot;,&quot;size&quot;:10,&quot;sizes&quot;:[]},&quot;overlay_background&quot;:&quot;yes&quot;,&quot;content_hover_animation&quot;:&quot;fade-in&quot;}\" data-widget_type=\"gallery.default\">\n\t\t\t\t\t\t\t<div class=\"elementor-gallery__container\">\n\t\t\t\t\t\t\t<div class=\"e-gallery-item elementor-gallery-item elementor-animated-content\">\n\t\t\t\t\t<div class=\"e-gallery-image elementor-gallery-item__image\" data-thumbnail=\"https:\/\/srsound.ca\/wp-content\/uploads\/2025\/11\/aff.webp\" data-width=\"167\" data-height=\"100\" aria-label=\"\" role=\"img\" ><\/div>\n\t\t\t\t\t\t\t\t\t\t\t<div class=\"elementor-gallery-item__overlay\"><\/div>\n\t\t\t\t\t\t\t\t\t\t\t\t\t\t<\/div>\n\t\t\t\t\t\t\t<div class=\"e-gallery-item elementor-gallery-item elementor-animated-content\">\n\t\t\t\t\t<div class=\"e-gallery-image elementor-gallery-item__image\" data-thumbnail=\"https:\/\/srsound.ca\/wp-content\/uploads\/2025\/11\/bbf.webp\" data-width=\"181\" data-height=\"100\" aria-label=\"\" role=\"img\" ><\/div>\n\t\t\t\t\t\t\t\t\t\t\t<div class=\"elementor-gallery-item__overlay\"><\/div>\n\t\t\t\t\t\t\t\t\t\t\t\t\t\t<\/div>\n\t\t\t\t\t\t\t<div class=\"e-gallery-item elementor-gallery-item elementor-animated-content\">\n\t\t\t\t\t<div class=\"e-gallery-image elementor-gallery-item__image\" data-thumbnail=\"https:\/\/srsound.ca\/wp-content\/uploads\/2025\/11\/behr.webp\" data-width=\"124\" data-height=\"100\" aria-label=\"\" role=\"img\" ><\/div>\n\t\t\t\t\t\t\t\t\t\t\t<div class=\"elementor-gallery-item__overlay\"><\/div>\n\t\t\t\t\t\t\t\t\t\t\t\t\t\t<\/div>\n\t\t\t\t\t\t\t<div class=\"e-gallery-item elementor-gallery-item elementor-animated-content\">\n\t\t\t\t\t<div class=\"e-gallery-image elementor-gallery-item__image\" data-thumbnail=\"https:\/\/srsound.ca\/wp-content\/uploads\/2025\/11\/chau.webp\" data-width=\"194\" data-height=\"100\" aria-label=\"\" role=\"img\" ><\/div>\n\t\t\t\t\t\t\t\t\t\t\t<div class=\"elementor-gallery-item__overlay\"><\/div>\n\t\t\t\t\t\t\t\t\t\t\t\t\t\t<\/div>\n\t\t\t\t\t\t\t<div class=\"e-gallery-item elementor-gallery-item elementor-animated-content\">\n\t\t\t\t\t<div class=\"e-gallery-image elementor-gallery-item__image\" data-thumbnail=\"https:\/\/srsound.ca\/wp-content\/uploads\/2025\/11\/ev.webp\" data-width=\"98\" data-height=\"100\" aria-label=\"\" role=\"img\" ><\/div>\n\t\t\t\t\t\t\t\t\t\t\t<div class=\"elementor-gallery-item__overlay\"><\/div>\n\t\t\t\t\t\t\t\t\t\t\t\t\t\t<\/div>\n\t\t\t\t\t\t\t<div class=\"e-gallery-item elementor-gallery-item elementor-animated-content\">\n\t\t\t\t\t<div class=\"e-gallery-image elementor-gallery-item__image\" data-thumbnail=\"https:\/\/srsound.ca\/wp-content\/uploads\/2025\/11\/gat.webp\" data-width=\"187\" data-height=\"100\" aria-label=\"\" role=\"img\" ><\/div>\n\t\t\t\t\t\t\t\t\t\t\t<div class=\"elementor-gallery-item__overlay\"><\/div>\n\t\t\t\t\t\t\t\t\t\t\t\t\t\t<\/div>\n\t\t\t\t\t\t\t<div class=\"e-gallery-item elementor-gallery-item elementor-animated-content\">\n\t\t\t\t\t<div class=\"e-gallery-image elementor-gallery-item__image\" data-thumbnail=\"https:\/\/srsound.ca\/wp-content\/uploads\/2025\/11\/yamha.webp\" data-width=\"216\" data-height=\"78\" aria-label=\"\" role=\"img\" ><\/div>\n\t\t\t\t\t\t\t\t\t\t\t<div class=\"elementor-gallery-item__overlay\"><\/div>\n\t\t\t\t\t\t\t\t\t\t\t\t\t\t<\/div>\n\t\t\t\t\t\t\t<div class=\"e-gallery-item elementor-gallery-item elementor-animated-content\">\n\t\t\t\t\t<div class=\"e-gallery-image elementor-gallery-item__image\" data-thumbnail=\"https:\/\/srsound.ca\/wp-content\/uploads\/2025\/11\/imagesq.webp\" data-width=\"134\" data-height=\"100\" aria-label=\"\" role=\"img\" ><\/div>\n\t\t\t\t\t\t\t\t\t\t\t<div class=\"elementor-gallery-item__overlay\"><\/div>\n\t\t\t\t\t\t\t\t\t\t\t\t\t\t<\/div>\n\t\t\t\t\t\t\t<div class=\"e-gallery-item elementor-gallery-item elementor-animated-content\">\n\t\t\t\t\t<div class=\"e-gallery-image elementor-gallery-item__image\" data-thumbnail=\"https:\/\/srsound.ca\/wp-content\/uploads\/2025\/11\/mi.webp\" data-width=\"216\" data-height=\"65\" aria-label=\"\" role=\"img\" ><\/div>\n\t\t\t\t\t\t\t\t\t\t\t<div class=\"elementor-gallery-item__overlay\"><\/div>\n\t\t\t\t\t\t\t\t\t\t\t\t\t\t<\/div>\n\t\t\t\t\t\t\t<div class=\"e-gallery-item elementor-gallery-item elementor-animated-content\">\n\t\t\t\t\t<div class=\"e-gallery-image elementor-gallery-item__image\" data-thumbnail=\"https:\/\/srsound.ca\/wp-content\/uploads\/2025\/11\/msr.webp\" data-width=\"216\" data-height=\"80\" aria-label=\"\" role=\"img\" ><\/div>\n\t\t\t\t\t\t\t\t\t\t\t<div class=\"elementor-gallery-item__overlay\"><\/div>\n\t\t\t\t\t\t\t\t\t\t\t\t\t\t<\/div>\n\t\t\t\t\t\t\t<div class=\"e-gallery-item elementor-gallery-item elementor-animated-content\">\n\t\t\t\t\t<div class=\"e-gallery-image elementor-gallery-item__image\" data-thumbnail=\"https:\/\/srsound.ca\/wp-content\/uploads\/2025\/11\/pre.webp\" data-width=\"216\" data-height=\"62\" aria-label=\"\" role=\"img\" ><\/div>\n\t\t\t\t\t\t\t\t\t\t\t<div class=\"elementor-gallery-item__overlay\"><\/div>\n\t\t\t\t\t\t\t\t\t\t\t\t\t\t<\/div>\n\t\t\t\t\t\t\t<div class=\"e-gallery-item elementor-gallery-item elementor-animated-content\">\n\t\t\t\t\t<div class=\"e-gallery-image elementor-gallery-item__image\" data-thumbnail=\"https:\/\/srsound.ca\/wp-content\/uploads\/2025\/11\/ptt.webp\" data-width=\"100\" data-height=\"100\" aria-label=\"\" role=\"img\" ><\/div>\n\t\t\t\t\t\t\t\t\t\t\t<div class=\"elementor-gallery-item__overlay\"><\/div>\n\t\t\t\t\t\t\t\t\t\t\t\t\t\t<\/div>\n\t\t\t\t\t\t\t<div class=\"e-gallery-item elementor-gallery-item elementor-animated-content\">\n\t\t\t\t\t<div class=\"e-gallery-image elementor-gallery-item__image\" data-thumbnail=\"https:\/\/srsound.ca\/wp-content\/uploads\/2025\/11\/rola.webp\" data-width=\"100\" data-height=\"100\" aria-label=\"\" role=\"img\" ><\/div>\n\t\t\t\t\t\t\t\t\t\t\t<div class=\"elementor-gallery-item__overlay\"><\/div>\n\t\t\t\t\t\t\t\t\t\t\t\t\t\t<\/div>\n\t\t\t\t\t\t\t<div class=\"e-gallery-item elementor-gallery-item elementor-animated-content\">\n\t\t\t\t\t<div class=\"e-gallery-image elementor-gallery-item__image\" data-thumbnail=\"https:\/\/srsound.ca\/wp-content\/uploads\/2025\/11\/scr.webp\" data-width=\"101\" data-height=\"100\" aria-label=\"\" role=\"img\" ><\/div>\n\t\t\t\t\t\t\t\t\t\t\t<div class=\"elementor-gallery-item__overlay\"><\/div>\n\t\t\t\t\t\t\t\t\t\t\t\t\t\t<\/div>\n\t\t\t\t\t\t\t<div class=\"e-gallery-item elementor-gallery-item elementor-animated-content\">\n\t\t\t\t\t<div class=\"e-gallery-image elementor-gallery-item__image\" data-thumbnail=\"https:\/\/srsound.ca\/wp-content\/uploads\/2025\/11\/sh.webp\" data-width=\"134\" data-height=\"100\" aria-label=\"\" role=\"img\" ><\/div>\n\t\t\t\t\t\t\t\t\t\t\t<div class=\"elementor-gallery-item__overlay\"><\/div>\n\t\t\t\t\t\t\t\t\t\t\t\t\t\t<\/div>\n\t\t\t\t\t\t\t<div class=\"e-gallery-item elementor-gallery-item elementor-animated-content\">\n\t\t\t\t\t<div class=\"e-gallery-image elementor-gallery-item__image\" data-thumbnail=\"https:\/\/srsound.ca\/wp-content\/uploads\/2025\/11\/shure.webp\" data-width=\"216\" data-height=\"47\" aria-label=\"\" role=\"img\" ><\/div>\n\t\t\t\t\t\t\t\t\t\t\t<div class=\"elementor-gallery-item__overlay\"><\/div>\n\t\t\t\t\t\t\t\t\t\t\t\t\t\t<\/div>\n\t\t\t\t\t\t\t<div class=\"e-gallery-item elementor-gallery-item elementor-animated-content\">\n\t\t\t\t\t<div class=\"e-gallery-image elementor-gallery-item__image\" data-thumbnail=\"https:\/\/srsound.ca\/wp-content\/uploads\/2025\/11\/soundcraft.webp\" data-width=\"100\" data-height=\"100\" aria-label=\"\" role=\"img\" ><\/div>\n\t\t\t\t\t\t\t\t\t\t\t<div class=\"elementor-gallery-item__overlay\"><\/div>\n\t\t\t\t\t\t\t\t\t\t\t\t\t\t<\/div>\n\t\t\t\t\t\t\t<div class=\"e-gallery-item elementor-gallery-item elementor-animated-content\">\n\t\t\t\t\t<div class=\"e-gallery-image elementor-gallery-item__image\" data-thumbnail=\"https:\/\/srsound.ca\/wp-content\/uploads\/2025\/11\/tou.webp\" data-width=\"216\" data-height=\"64\" aria-label=\"\" role=\"img\" ><\/div>\n\t\t\t\t\t\t\t\t\t\t\t<div class=\"elementor-gallery-item__overlay\"><\/div>\n\t\t\t\t\t\t\t\t\t\t\t\t\t\t<\/div>\n\t\t\t\t\t\t\t<div class=\"e-gallery-item elementor-gallery-item elementor-animated-content\">\n\t\t\t\t\t<div class=\"e-gallery-image elementor-gallery-item__image\" data-thumbnail=\"https:\/\/srsound.ca\/wp-content\/uploads\/2025\/11\/ubl.webp\" data-width=\"100\" data-height=\"100\" aria-label=\"\" role=\"img\" ><\/div>\n\t\t\t\t\t\t\t\t\t\t\t<div class=\"elementor-gallery-item__overlay\"><\/div>\n\t\t\t\t\t\t\t\t\t\t\t\t\t\t<\/div>\n\t\t\t\t\t\t\t<div class=\"e-gallery-item elementor-gallery-item elementor-animated-content\">\n\t\t\t\t\t<div class=\"e-gallery-image elementor-gallery-item__image\" data-thumbnail=\"https:\/\/srsound.ca\/wp-content\/uploads\/2025\/11\/vm.webp\" data-width=\"215\" data-height=\"100\" aria-label=\"\" role=\"img\" ><\/div>\n\t\t\t\t\t\t\t\t\t\t\t<div class=\"elementor-gallery-item__overlay\"><\/div>\n\t\t\t\t\t\t\t\t\t\t\t\t\t\t<\/div>\n\t\t\t\t\t<\/div>\n\t\t\t\t\t<\/div>\n\t\t\t\t\t<\/div>\n\t\t\t\t<\/div>\n\t\t<div class=\"elementor-element elementor-element-4bd8f93 e-con-full e-flex e-con e-child\" data-id=\"4bd8f93\" data-element_type=\"container\" data-e-type=\"container\" data-settings=\"{&quot;background_background&quot;:&quot;gradient&quot;}\">\n\t\t\t\t<div class=\"elementor-element elementor-element-59d159c elementor-cta--skin-cover elementor-bg-transform elementor-bg-transform-zoom-in elementor-widget elementor-widget-call-to-action\" data-id=\"59d159c\" data-element_type=\"widget\" data-e-type=\"widget\" data-widget_type=\"call-to-action.default\">\n\t\t\t\t\t\t\t<div class=\"elementor-cta\">\n\t\t\t\t\t<div class=\"elementor-cta__bg-wrapper\">\n\t\t\t\t<div class=\"elementor-cta__bg elementor-bg\" style=\"background-image: url(https:\/\/srsound.ca\/wp-content\/uploads\/2025\/11\/concert.webp);\" role=\"img\" aria-label=\"concert\"><\/div>\n\t\t\t\t<div class=\"elementor-cta__bg-overlay\"><\/div>\n\t\t\t<\/div>\n\t\t\t\t\t\t\t<div class=\"elementor-cta__content\">\n\t\t\t\t\n\t\t\t\t\t\t\t\t\t<h2 class=\"elementor-cta__title elementor-cta__content-item elementor-content-item\">\n\t\t\t\t\t\tPr\u00eat \u00e0 mettre \u00e0 niveau votre \u00e9quipement&nbsp;?\t\t\t\t\t<\/h2>\n\t\t\t\t\n\t\t\t\t\t\t\t\t\t<div class=\"elementor-cta__description elementor-cta__content-item elementor-content-item\">\n\t\t\t\t\t\tContactez-nous pour obtenir des informations sur les produits, les prix et des recommandations d'experts\t\t\t\t\t<\/div>\n\t\t\t\t\n\t\t\t\t\t\t\t\t\t<div class=\"elementor-cta__button-wrapper elementor-cta__content-item elementor-content-item \">\n\t\t\t\t\t<a class=\"elementor-cta__button elementor-button elementor-size-\" href=\"https:\/\/srsound.ca\/contact-us\/\">\n\t\t\t\t\t\tCONTACTEZ-NOUS\t\t\t\t\t<\/a>\n\t\t\t\t\t<\/div>\n\t\t\t\t\t\t\t<\/div>\n\t\t\t\t\t\t<\/div>\n\t\t\t\t\t\t<\/div>\n\t\t\t\t<\/div>\n\t\t\t\t<\/div>\n\t\t","protected":false},"excerpt":{"rendered":"<p>Vente d&rsquo;\u00e9quipement S.R Sound se sp\u00e9cialise dans l&rsquo;audio professionnel, l&rsquo;\u00e9clairage de sc\u00e8ne, l&rsquo;\u00e9quipement vid\u00e9o et les fournitures. Nous proposons une multitude de produits de fabricants d&rsquo;\u00e9quipement audio professionnel, d&rsquo;\u00e9clairage et vid\u00e9o, y compris des microphones, des m\u00e9langeurs, des supports, des processeurs, des haut-parleurs, des lecteurs CD, des appareils audio num\u00e9riques, des c\u00e2bles et connecteurs, des [&hellip;]<\/p>\n","protected":false},"author":2,"featured_media":0,"parent":0,"menu_order":0,"comment_status":"closed","ping_status":"closed","template":"","meta":{"footnotes":""},"class_list":["post-686","page","type-page","status-publish","hentry"],"yoast_head":"<!-- This site is optimized with the Yoast SEO plugin v27.4 - https:\/\/yoast.com\/product\/yoast-seo-wordpress\/ -->\n<title>Ventes - S.R. Sound<\/title>\n<meta name=\"robots\" content=\"index, follow, max-snippet:-1, max-image-preview:large, max-video-preview:-1\" \/>\n<link rel=\"canonical\" href=\"https:\/\/srsound.ca\/fr\/ventes\/\" \/>\n<meta property=\"og:locale\" content=\"fr_FR\" \/>\n<meta property=\"og:type\" content=\"article\" \/>\n<meta property=\"og:title\" content=\"Ventes - S.R. Sound\" \/>\n<meta property=\"og:description\" content=\"Vente d&rsquo;\u00e9quipement S.R Sound se sp\u00e9cialise dans l&rsquo;audio professionnel, l&rsquo;\u00e9clairage de sc\u00e8ne, l&rsquo;\u00e9quipement vid\u00e9o et les fournitures. Nous proposons une multitude de produits de fabricants d&rsquo;\u00e9quipement audio professionnel, d&rsquo;\u00e9clairage et vid\u00e9o, y compris des microphones, des m\u00e9langeurs, des supports, des processeurs, des haut-parleurs, des lecteurs CD, des appareils audio num\u00e9riques, des c\u00e2bles et connecteurs, des [&hellip;]\" \/>\n<meta property=\"og:url\" content=\"https:\/\/srsound.ca\/fr\/ventes\/\" \/>\n<meta property=\"og:site_name\" content=\"S.R. Sound\" \/>\n<meta property=\"article:modified_time\" content=\"2026-01-16T06:10:17+00:00\" \/>\n<meta property=\"og:image\" content=\"https:\/\/srsound.ca\/wp-content\/uploads\/2025\/11\/srsoundartwork.png\" \/>\n\t<meta property=\"og:image:width\" content=\"465\" \/>\n\t<meta property=\"og:image:height\" content=\"265\" \/>\n\t<meta property=\"og:image:type\" content=\"image\/png\" \/>\n<meta name=\"twitter:card\" content=\"summary_large_image\" \/>\n<meta name=\"twitter:label1\" content=\"Dur\u00e9e de lecture estim\u00e9e\" \/>\n\t<meta name=\"twitter:data1\" content=\"1 minute\" \/>\n<script type=\"application\/ld+json\" class=\"yoast-schema-graph\">{\"@context\":\"https:\\\/\\\/schema.org\",\"@graph\":[{\"@type\":\"WebPage\",\"@id\":\"https:\\\/\\\/srsound.ca\\\/fr\\\/ventes\\\/\",\"url\":\"https:\\\/\\\/srsound.ca\\\/fr\\\/ventes\\\/\",\"name\":\"Ventes - S.R. Sound\",\"isPartOf\":{\"@id\":\"https:\\\/\\\/srsound.ca\\\/#website\"},\"primaryImageOfPage\":{\"@id\":\"https:\\\/\\\/srsound.ca\\\/fr\\\/ventes\\\/#primaryimage\"},\"image\":{\"@id\":\"https:\\\/\\\/srsound.ca\\\/fr\\\/ventes\\\/#primaryimage\"},\"thumbnailUrl\":\"https:\\\/\\\/srsound.ca\\\/wp-content\\\/uploads\\\/2025\\\/11\\\/srsoundartwork.png\",\"datePublished\":\"2025-12-01T07:40:38+00:00\",\"dateModified\":\"2026-01-16T06:10:17+00:00\",\"breadcrumb\":{\"@id\":\"https:\\\/\\\/srsound.ca\\\/fr\\\/ventes\\\/#breadcrumb\"},\"inLanguage\":\"fr-FR\",\"potentialAction\":[{\"@type\":\"ReadAction\",\"target\":[\"https:\\\/\\\/srsound.ca\\\/fr\\\/ventes\\\/\"]}]},{\"@type\":\"ImageObject\",\"inLanguage\":\"fr-FR\",\"@id\":\"https:\\\/\\\/srsound.ca\\\/fr\\\/ventes\\\/#primaryimage\",\"url\":\"https:\\\/\\\/srsound.ca\\\/wp-content\\\/uploads\\\/2025\\\/11\\\/srsoundartwork.png\",\"contentUrl\":\"https:\\\/\\\/srsound.ca\\\/wp-content\\\/uploads\\\/2025\\\/11\\\/srsoundartwork.png\"},{\"@type\":\"BreadcrumbList\",\"@id\":\"https:\\\/\\\/srsound.ca\\\/fr\\\/ventes\\\/#breadcrumb\",\"itemListElement\":[{\"@type\":\"ListItem\",\"position\":1,\"name\":\"Home\",\"item\":\"https:\\\/\\\/srsound.ca\\\/fr\\\/accueil\\\/\"},{\"@type\":\"ListItem\",\"position\":2,\"name\":\"Ventes\"}]},{\"@type\":\"WebSite\",\"@id\":\"https:\\\/\\\/srsound.ca\\\/#website\",\"url\":\"https:\\\/\\\/srsound.ca\\\/\",\"name\":\"S.R. Sound\",\"description\":\"We Love What We Do And It Shows\",\"publisher\":{\"@id\":\"https:\\\/\\\/srsound.ca\\\/#organization\"},\"potentialAction\":[{\"@type\":\"SearchAction\",\"target\":{\"@type\":\"EntryPoint\",\"urlTemplate\":\"https:\\\/\\\/srsound.ca\\\/?s={search_term_string}\"},\"query-input\":{\"@type\":\"PropertyValueSpecification\",\"valueRequired\":true,\"valueName\":\"search_term_string\"}}],\"inLanguage\":\"fr-FR\"},{\"@type\":\"Organization\",\"@id\":\"https:\\\/\\\/srsound.ca\\\/#organization\",\"name\":\"S.R. Sound\",\"url\":\"https:\\\/\\\/srsound.ca\\\/\",\"logo\":{\"@type\":\"ImageObject\",\"inLanguage\":\"fr-FR\",\"@id\":\"https:\\\/\\\/srsound.ca\\\/#\\\/schema\\\/logo\\\/image\\\/\",\"url\":\"https:\\\/\\\/srsound.ca\\\/wp-content\\\/uploads\\\/2026\\\/01\\\/SR-LOGO-White-Large.png\",\"contentUrl\":\"https:\\\/\\\/srsound.ca\\\/wp-content\\\/uploads\\\/2026\\\/01\\\/SR-LOGO-White-Large.png\",\"width\":320,\"height\":206,\"caption\":\"S.R. Sound\"},\"image\":{\"@id\":\"https:\\\/\\\/srsound.ca\\\/#\\\/schema\\\/logo\\\/image\\\/\"}}]}<\/script>\n<!-- \/ Yoast SEO plugin. -->","yoast_head_json":{"title":"Ventes - S.R. Sound","robots":{"index":"index","follow":"follow","max-snippet":"max-snippet:-1","max-image-preview":"max-image-preview:large","max-video-preview":"max-video-preview:-1"},"canonical":"https:\/\/srsound.ca\/fr\/ventes\/","og_locale":"fr_FR","og_type":"article","og_title":"Ventes - S.R. Sound","og_description":"Vente d&rsquo;\u00e9quipement S.R Sound se sp\u00e9cialise dans l&rsquo;audio professionnel, l&rsquo;\u00e9clairage de sc\u00e8ne, l&rsquo;\u00e9quipement vid\u00e9o et les fournitures. Nous proposons une multitude de produits de fabricants d&rsquo;\u00e9quipement audio professionnel, d&rsquo;\u00e9clairage et vid\u00e9o, y compris des microphones, des m\u00e9langeurs, des supports, des processeurs, des haut-parleurs, des lecteurs CD, des appareils audio num\u00e9riques, des c\u00e2bles et connecteurs, des [&hellip;]","og_url":"https:\/\/srsound.ca\/fr\/ventes\/","og_site_name":"S.R. Sound","article_modified_time":"2026-01-16T06:10:17+00:00","og_image":[{"width":465,"height":265,"url":"https:\/\/srsound.ca\/wp-content\/uploads\/2025\/11\/srsoundartwork.png","type":"image\/png"}],"twitter_card":"summary_large_image","twitter_misc":{"Dur\u00e9e de lecture estim\u00e9e":"1 minute"},"schema":{"@context":"https:\/\/schema.org","@graph":[{"@type":"WebPage","@id":"https:\/\/srsound.ca\/fr\/ventes\/","url":"https:\/\/srsound.ca\/fr\/ventes\/","name":"Ventes - S.R. Sound","isPartOf":{"@id":"https:\/\/srsound.ca\/#website"},"primaryImageOfPage":{"@id":"https:\/\/srsound.ca\/fr\/ventes\/#primaryimage"},"image":{"@id":"https:\/\/srsound.ca\/fr\/ventes\/#primaryimage"},"thumbnailUrl":"https:\/\/srsound.ca\/wp-content\/uploads\/2025\/11\/srsoundartwork.png","datePublished":"2025-12-01T07:40:38+00:00","dateModified":"2026-01-16T06:10:17+00:00","breadcrumb":{"@id":"https:\/\/srsound.ca\/fr\/ventes\/#breadcrumb"},"inLanguage":"fr-FR","potentialAction":[{"@type":"ReadAction","target":["https:\/\/srsound.ca\/fr\/ventes\/"]}]},{"@type":"ImageObject","inLanguage":"fr-FR","@id":"https:\/\/srsound.ca\/fr\/ventes\/#primaryimage","url":"https:\/\/srsound.ca\/wp-content\/uploads\/2025\/11\/srsoundartwork.png","contentUrl":"https:\/\/srsound.ca\/wp-content\/uploads\/2025\/11\/srsoundartwork.png"},{"@type":"BreadcrumbList","@id":"https:\/\/srsound.ca\/fr\/ventes\/#breadcrumb","itemListElement":[{"@type":"ListItem","position":1,"name":"Home","item":"https:\/\/srsound.ca\/fr\/accueil\/"},{"@type":"ListItem","position":2,"name":"Ventes"}]},{"@type":"WebSite","@id":"https:\/\/srsound.ca\/#website","url":"https:\/\/srsound.ca\/","name":"S.R. Sound","description":"We Love What We Do And It Shows","publisher":{"@id":"https:\/\/srsound.ca\/#organization"},"potentialAction":[{"@type":"SearchAction","target":{"@type":"EntryPoint","urlTemplate":"https:\/\/srsound.ca\/?s={search_term_string}"},"query-input":{"@type":"PropertyValueSpecification","valueRequired":true,"valueName":"search_term_string"}}],"inLanguage":"fr-FR"},{"@type":"Organization","@id":"https:\/\/srsound.ca\/#organization","name":"S.R. Sound","url":"https:\/\/srsound.ca\/","logo":{"@type":"ImageObject","inLanguage":"fr-FR","@id":"https:\/\/srsound.ca\/#\/schema\/logo\/image\/","url":"https:\/\/srsound.ca\/wp-content\/uploads\/2026\/01\/SR-LOGO-White-Large.png","contentUrl":"https:\/\/srsound.ca\/wp-content\/uploads\/2026\/01\/SR-LOGO-White-Large.png","width":320,"height":206,"caption":"S.R. Sound"},"image":{"@id":"https:\/\/srsound.ca\/#\/schema\/logo\/image\/"}}]}},"_links":{"self":[{"href":"https:\/\/srsound.ca\/fr\/wp-json\/wp\/v2\/pages\/686","targetHints":{"allow":["GET"]}}],"collection":[{"href":"https:\/\/srsound.ca\/fr\/wp-json\/wp\/v2\/pages"}],"about":[{"href":"https:\/\/srsound.ca\/fr\/wp-json\/wp\/v2\/types\/page"}],"author":[{"embeddable":true,"href":"https:\/\/srsound.ca\/fr\/wp-json\/wp\/v2\/users\/2"}],"replies":[{"embeddable":true,"href":"https:\/\/srsound.ca\/fr\/wp-json\/wp\/v2\/comments?post=686"}],"version-history":[{"count":3,"href":"https:\/\/srsound.ca\/fr\/wp-json\/wp\/v2\/pages\/686\/revisions"}],"predecessor-version":[{"id":859,"href":"https:\/\/srsound.ca\/fr\/wp-json\/wp\/v2\/pages\/686\/revisions\/859"}],"wp:attachment":[{"href":"https:\/\/srsound.ca\/fr\/wp-json\/wp\/v2\/media?parent=686"}],"curies":[{"name":"wp","href":"https:\/\/api.w.org\/{rel}","templated":true}]}}